{"id":110,"date":"2018-11-26T10:44:50","date_gmt":"2018-11-26T10:44:50","guid":{"rendered":"http:\/\/www.nursac.com\/en\/?page_id=110"},"modified":"2023-02-20T10:30:12","modified_gmt":"2023-02-20T10:30:12","slug":"contact-us","status":"publish","type":"page","link":"https:\/\/www.nursac.com\/en\/contact-us\/","title":{"rendered":"Contact Us"},"content":{"rendered":"<p>[vc_row][vc_column width=&#8221;1\/2&#8243;][vc_column_text]<\/p>\n<h2>Our Address<\/h2>\n<p>Sasal\u0131 Merkez Mahallesi 1 Sokak No:93 \u00c7i\u011fli \u0130zmir[\/vc_column_text][vc_column_text]<\/p>\n<h5>Fax:+90 232 877 08 79<\/h5>\n<p>[\/vc_column_text][vc_btn title=&#8221;+90 0533 281 99 63&#8243; link=&#8221;url:tel%3A%2B905332819963|||&#8221;][vc_btn title=&#8221;+90 232 478 18 18&#8243; link=&#8221;url:tel%3A%2B90%20232%20478%2018%2018|||&#8221;][vc_btn title=&#8221;+90 232 877 07 57&#8243; link=&#8221;url:tel%3A%2B90%20232%20877%2007%2057|||&#8221;][vc_btn title=&#8221;+90 232 877 07 80&#8243; link=&#8221;url:tel%3A%2B90%20232%20877%2007%2080|||&#8221;][vc_btn title=&#8221;info@nursac.com&#8221; link=&#8221;url:mailto%3Ainfo%40nursac.com|||&#8221;][\/vc_column][vc_column width=&#8221;1\/2&#8243;]<div role=\"form\" class=\"wpcf7\" id=\"wpcf7-f7-o1\" lang=\"tr-TR\" dir=\"ltr\">\n<div class=\"screen-reader-response\"><p role=\"status\" aria-live=\"polite\" aria-atomic=\"true\"><\/p> <ul><\/ul><\/div>\n<form action=\"\/en\/wp-json\/wp\/v2\/pages\/110#wpcf7-f7-o1\" method=\"post\" class=\"wpcf7-form init\" novalidate=\"novalidate\" data-status=\"init\">\n<div style=\"display: none;\">\n<input type=\"hidden\" name=\"_wpcf7\" value=\"7\" \/>\n<input type=\"hidden\" name=\"_wpcf7_version\" value=\"5.4\" \/>\n<input type=\"hidden\" name=\"_wpcf7_locale\" value=\"tr_TR\" \/>\n<input type=\"hidden\" name=\"_wpcf7_unit_tag\" value=\"wpcf7-f7-o1\" \/>\n<input type=\"hidden\" name=\"_wpcf7_container_post\" value=\"0\" \/>\n<input type=\"hidden\" name=\"_wpcf7_posted_data_hash\" value=\"\" \/>\n<\/div>\n<p><label>Your Name<br \/>\n    <span class=\"wpcf7-form-control-wrap your-name\"><input type=\"text\" name=\"your-name\" value=\"\" size=\"40\" class=\"wpcf7-form-control wpcf7-text wpcf7-validates-as-required\" aria-required=\"true\" aria-invalid=\"false\" \/><\/span> <\/label><\/p>\n<p><label>E-mail Address<br \/>\n    <span class=\"wpcf7-form-control-wrap your-email\"><input type=\"email\" name=\"your-email\" value=\"\" size=\"40\" class=\"wpcf7-form-control wpcf7-text wpcf7-email wpcf7-validates-as-required wpcf7-validates-as-email\" aria-required=\"true\" aria-invalid=\"false\" \/><\/span> <\/label><\/p>\n<p><label>Subject<br \/>\n    <span class=\"wpcf7-form-control-wrap your-subject\"><input type=\"text\" name=\"your-subject\" value=\"\" size=\"40\" class=\"wpcf7-form-control wpcf7-text\" aria-invalid=\"false\" \/><\/span> <\/label><\/p>\n<p><label>Message<br \/>\n    <span class=\"wpcf7-form-control-wrap your-message\"><textarea name=\"your-message\" cols=\"40\" rows=\"10\" class=\"wpcf7-form-control wpcf7-textarea\" aria-invalid=\"false\"><\/textarea><\/span> <\/label><\/p>\n<p><input type=\"submit\" value=\"Send\" class=\"wpcf7-form-control wpcf7-submit\" \/><\/p>\n<div class=\"wpcf7-response-output\" aria-hidden=\"true\"><\/div><\/form><\/div>[\/vc_column][\/vc_row][vc_row full_width=&#8221;stretch_row_content_no_spaces&#8221; type=&#8221;vc_default&#8221;][vc_column][vc_column_text]<iframe loading=\"lazy\" style=\"border: 0;\" src=\"https:\/\/www.google.com\/maps\/embed?pb=!1m18!1m12!1m3!1d100034.7411627969!2d27.199756529495627!3d38.4163852077025!2m3!1f0!2f0!3f0!3m2!1i1024!2i768!4f13.1!3m3!1m2!1s0x14b971bade8ce179%3A0xaca97033d2afb5da!2zTnVyc2HDpyBIYXZhbGFuZMSxcm1h!5e0!3m2!1str!2str!4v1543229428309\" width=\"1920\" height=\"600\" frameborder=\"0\" allowfullscreen=\"allowfullscreen\"><\/iframe>[\/vc_column_text][\/vc_column][\/vc_row]<\/p>\n","protected":false},"excerpt":{"rendered":"<p>[vc_row][vc_column width=&#8221;1\/2&#8243;][vc_column_text] Our Address Sasal\u0131 Merkez Mahallesi 1 Sokak No:93 \u00c7i\u011fli \u0130zmir[\/vc_column_text][vc_column_text] Fax:+90 232 877 08 79 [\/vc_column_text][vc_btn title=&#8221;+90 0533 281 99 63&#8243; link=&#8221;url:tel%3A%2B905332819963|||&#8221;][vc_btn title=&#8221;+90 232<span class=\"excerpt-hellip\"> [\u2026]<\/span><\/p>\n","protected":false},"author":1,"featured_media":0,"parent":0,"menu_order":0,"comment_status":"closed","ping_status":"closed","template":"","meta":[],"_links":{"self":[{"href":"https:\/\/www.nursac.com\/en\/wp-json\/wp\/v2\/pages\/110"}],"collection":[{"href":"https:\/\/www.nursac.com\/en\/wp-json\/wp\/v2\/pages"}],"about":[{"href":"https:\/\/www.nursac.com\/en\/wp-json\/wp\/v2\/types\/page"}],"author":[{"embeddable":true,"href":"https:\/\/www.nursac.com\/en\/wp-json\/wp\/v2\/users\/1"}],"replies":[{"embeddable":true,"href":"https:\/\/www.nursac.com\/en\/wp-json\/wp\/v2\/comments?post=110"}],"version-history":[{"count":12,"href":"https:\/\/www.nursac.com\/en\/wp-json\/wp\/v2\/pages\/110\/revisions"}],"predecessor-version":[{"id":727,"href":"https:\/\/www.nursac.com\/en\/wp-json\/wp\/v2\/pages\/110\/revisions\/727"}],"wp:attachment":[{"href":"https:\/\/www.nursac.com\/en\/wp-json\/wp\/v2\/media?parent=110"}],"curies":[{"name":"wp","href":"https:\/\/api.w.org\/{rel}","templated":true}]}}